{"id":564,"date":"2022-07-28T13:33:12","date_gmt":"2022-07-28T11:33:12","guid":{"rendered":"https:\/\/heurebleue.com\/sitenosybe\/lesprit-heure-bleue\/tourisme-durable\/"},"modified":"2025-06-06T17:47:36","modified_gmt":"2025-06-06T15:47:36","slug":"turismo-sostenibile","status":"publish","type":"page","link":"https:\/\/heurebleue.com\/it\/lo-spirito-heure-bleue\/turismo-sostenibile\/","title":{"rendered":"Turismo sostenibile"},"content":{"rendered":"<div class=\"wpb-content-wrapper\">[vc_row full_width=&#8221;stretch_row_content_no_spaces&#8221; css=&#8221;.vc_custom_1659006235471{background-position: center !important;background-repeat: no-repeat !important;background-size: cover !important;}&#8221;][vc_column][vc_single_image image=&#8221;200&#8243; img_size=&#8221;full&#8221; alignment=&#8221;center&#8221;][\/vc_column][\/vc_row][vc_row][vc_column][vc_column_text]\n<h1 style=\"text-align: center;\">Turismo sostenibile<\/h1>\n[\/vc_column_text][vc_empty_space][vc_column_text css=&#8221;&#8221;]\n<h3 style=\"text-align: center;\">L&#8217;UNICO ECO CHIC HOTEL DI NOSY BE :<\/h3>\n<p style=\"text-align: center;\">L&#8217;Heure Bleue \u00e8 l&#8217;unico hotel sull&#8217;isola di Nosy Be a ricevere la certificazione per la gestione ambientale e sociale. Meglio, l&#8217;hotel \u00e8 stato dichiarato come copia, ed \u00e8 valutato rating AA + (vicino all&#8217;eccellenza) da Arcet Cotation.<\/p>\n<p style=\"text-align: center;\">Dal 2013 l&#8217;Heure Bleue \u00e8 il secondo hotel certificato Green Globe di Madagascar, dopo il suo &#8220;fratello maggiore&#8221;, Eden Lodge. <a class=\"live_cnx\" href=\"https:\/\/www.greenglobe.com\/\" target=\"_blank\" rel=\"noopener\">GreenGlobe<\/a> \u00e8 il leader mondiale nella certificazione del turismo sostenibile. Questa certificazione premia e sostiene le imprese turistiche che hanno scelto di migliorare la gestione ambientale e sociale delle loro attivit\u00e0.<\/p>\n<h2 style=\"text-align: center;\"><img loading=\"lazy\" decoding=\"async\" class=\"size-medium wp-image-840 aligncenter\" src=\"https:\/\/heurebleue.com\/wp-content\/uploads\/2025\/06\/green-globe-certified-300x291.jpg\" alt=\"\" width=\"300\" height=\"291\" srcset=\"https:\/\/heurebleue.com\/wp-content\/uploads\/2025\/06\/green-globe-certified-300x291.jpg 300w, https:\/\/heurebleue.com\/wp-content\/uploads\/2025\/06\/green-globe-certified-1024x992.jpg 1024w, https:\/\/heurebleue.com\/wp-content\/uploads\/2025\/06\/green-globe-certified-768x744.jpg 768w, https:\/\/heurebleue.com\/wp-content\/uploads\/2025\/06\/green-globe-certified-1536x1488.jpg 1536w, https:\/\/heurebleue.com\/wp-content\/uploads\/2025\/06\/green-globe-certified-1280x1240.jpg 1280w, https:\/\/heurebleue.com\/wp-content\/uploads\/2025\/06\/green-globe-certified.jpg 2000w\" sizes=\"auto, (max-width: 300px) 100vw, 300px\" \/>Per ogni turista che viene a Heure Bleue un nuovo alberto piantato.<\/h2>\n<p style=\"text-align: center;\">\u00c8 questo il nostro impegno per lottare contro il riscaldamento climatico e permettere il rimboschimento delle foreste con l&#8217;albero simbolo del Madagascar (Ravinala), le cui foglie sono utilizzate per realizzare i tetti tradizionali delle capanne della regione di Nosy Be.<\/p>\n[\/vc_column_text][vc_empty_space][vc_single_image image=&#8221;276&#8243; img_size=&#8221;full&#8221; alignment=&#8221;center&#8221;][vc_empty_space][vc_column_text]\n<h2 style=\"text-align: center;\">Il nostro impegno per un turismo sostenibile :<\/h2>\n<p style=\"text-align: center;\">L&#8217;Heure Bleue \u00e8 inteso come un modello per il turismo sostenibile: tutto \u00e8 stato progettato fin dall&#8217;inizio, in uno spirito di rispetto per l&#8217;ambiente e lo sviluppo sostenibile in armonia con la popolazione locale. Per noi il vero lusso non \u00e8 un superfluo: offre servizi di alta qualit\u00e0 in un ambiente unico e sostenibile.<\/p>\n<h3 style=\"text-align: center;\">Produzione di energia ellettrica e acqua calda :<\/h3>\n<p style=\"text-align: center;\">L&#8217;Heure Bleue \u00e8 dotato di un impianto di energia solare 2012 con una potenza di 2350 Wp. Questa installazione \u00e8 stata eseguita con hardware di fascia alta dalla maggior parte dei principali produttori giapponesi e tedeschi. Senza batteria, l&#8217;energia solare alimenta direttamente sulla rete albergo, sopra il sole. Una prima in Madagascar. L&#8217;energia elettrica \u00e8 prodotta localmente e autoconsumata istantaneamente in albergo. Ogni anno, l&#8217;impianto produrr\u00e0 circa 3.500 kWh di energia elettrica corrispondente a tutti i bisogni elettrici per l&#8217;illuminazione della struttura. L&#8217;energia elettrica prodotta naturalmente da una fonte inesauribile, di conseguenza non \u00e8 prodotta da centrali termoelettriche dell &#8216;isola, in esecuzione degli oli combustibili pesanti. Ogni anno, l&#8217;Heure Bleue evita l&#8217;emissione di pi\u00f9 di 4 tonnellate di CO2.<\/p>\n<p style=\"text-align: center;\">L&#8217;acqua calda viene prodotta tramite sensori termici di tipo monoblocco (CESI). Si tratta di un&#8217;apparecchiatura robusta, gi\u00e0 utilizzata in Madagascar, che permette la produzione di acqua calda per oltre 300 giorni all&#8217;anno unicamente sfruttando l&#8217;energia solare.<\/p>\n<p style=\"text-align: center;\"><strong>L&#8217;acqua :<\/strong><br \/>\nL&#8217;acqua presente nel seminterrato delle colline circostanti, \u00e8 disegnato attraverso le pompe, e recuperato in un serbatoio di 10.000 litri, completamente sigillato. Questa deduzione, rapidamente compensata quando la stagione delle piogge, permette di alimentare in albergo, e il nostro giardino.<\/p>\n<p style=\"text-align: center;\"><strong>Il trattamento delle acque reflue :<\/strong><br \/>\nLogge delle acque reflue vengono raccolte in pozzetti e trattati attraverso filtri fatti di cocco emorte dei coralli, invece di essere rigettato in mare, dove avrebbero potuto danneggiare i coralli,queste acque di alimentazione del giardino. Acque reflue da lavanderia sono anche recuperatonello stesso modo. Lenzuola ed asciugamani a nido d&#8217;ape sono stati scelti per il loro basso assorbimento d&#8217;acqua, e anche per limitare l&#8217;uso dei detergenti nel lavaggio.<\/p>\n<p style=\"text-align: center;\"><strong>Riciclare i rifiuti :<\/strong><br \/>\nTraattamento dei rifiuti e riciclaggio<br \/>\nTrattamento dei rifiuti \u00e8 ottimizzato: facciamo il nostro compost dai rifiuti alimentari, e riciclaretutto il possibile: compresi i metalli e materie plastiche. I metalli si trasformer\u00e0 in casseruola,bottiglie di plastica sotto piatti, bicchieri recuperati&#8230; Residui non riciclabili vengono inviati da noi in rifiuti a Nosy Be.<\/p>\n<p style=\"text-align: center;\"><strong>Nature preserve :<\/strong><br \/>\nNauseante e l&#8217;ambiente<br \/>\nMateriali locali (legno locale coperture Ravinala) sono stati utilizzati fino al fine di preservare il sito e ridurre al minimo il trasporto dei materiali e delle emissioni di CO2.<\/p>\n<p style=\"text-align: center;\"><strong>Staff di sviluppo<\/strong><br \/>\nL&#8217;assunzione di personale locale sta cercando di contribuire allo sviluppo individuale el&#8217;equilibrio sociale. Facciamo in modo che i salari sono pi\u00f9 alti rispetto agli standard locali, e che la formazione \u00e8 fornito. Allo stesso modo un fondo sanitario di solidariet\u00e0 \u00e8 stato istituito per il personale e le loro famiglie, oltre a fondi locali che contribuiscono.<\/p>\n[\/vc_column_text][vc_empty_space][vc_single_image image=&#8221;278&#8243; img_size=&#8221;full&#8221; alignment=&#8221;center&#8221;][vc_empty_space][\/vc_column][\/vc_row]\n<\/div>","protected":false},"excerpt":{"rendered":"<p>[vc_row full_width=&#8221;stretch_row_content_no_spaces&#8221; css=&#8221;.vc_custom_1659006235471{background-position: center !important;background-repeat: no-repeat !important;background-size: cover !important;}&#8221;][vc_column][vc_single_image image=&#8221;200&#8243; img_size=&#8221;full&#8221; alignment=&#8221;center&#8221;][\/vc_column][\/vc_row][vc_row][vc_column][vc_column_text] Turismo sostenibile [\/vc_column_text][vc_empty_space][vc_column_text css=&#8221;&#8221;] L&#8217;UNICO ECO CHIC HOTEL DI NOSY BE : L&#8217;Heure Bleue \u00e8 l&#8217;unico hotel sull&#8217;isola di Nosy Be a ricevere la certificazione per la gestione ambientale e sociale. Meglio, l&#8217;hotel \u00e8 stato dichiarato come copia, ed \u00e8 valutato rating AA + (vicino all&#8217;eccellenza) da Arcet [&hellip;]<\/p>\n","protected":false},"author":1,"featured_media":0,"parent":560,"menu_order":0,"comment_status":"closed","ping_status":"closed","template":"","meta":{"footnotes":""},"class_list":["post-564","page","type-page","status-publish","hentry"],"aioseo_notices":[],"_links":{"self":[{"href":"https:\/\/heurebleue.com\/it\/wp-json\/wp\/v2\/pages\/564","targetHints":{"allow":["GET"]}}],"collection":[{"href":"https:\/\/heurebleue.com\/it\/wp-json\/wp\/v2\/pages"}],"about":[{"href":"https:\/\/heurebleue.com\/it\/wp-json\/wp\/v2\/types\/page"}],"author":[{"embeddable":true,"href":"https:\/\/heurebleue.com\/it\/wp-json\/wp\/v2\/users\/1"}],"replies":[{"embeddable":true,"href":"https:\/\/heurebleue.com\/it\/wp-json\/wp\/v2\/comments?post=564"}],"version-history":[{"count":6,"href":"https:\/\/heurebleue.com\/it\/wp-json\/wp\/v2\/pages\/564\/revisions"}],"predecessor-version":[{"id":848,"href":"https:\/\/heurebleue.com\/it\/wp-json\/wp\/v2\/pages\/564\/revisions\/848"}],"up":[{"embeddable":true,"href":"https:\/\/heurebleue.com\/it\/wp-json\/wp\/v2\/pages\/560"}],"wp:attachment":[{"href":"https:\/\/heurebleue.com\/it\/wp-json\/wp\/v2\/media?parent=564"}],"curies":[{"name":"wp","href":"https:\/\/api.w.org\/{rel}","templated":true}]}}