{"id":570,"date":"2022-07-22T12:04:28","date_gmt":"2022-07-22T10:04:28","guid":{"rendered":"https:\/\/heurebleue.com\/sitenosybe\/nos-lodges\/"},"modified":"2024-12-02T18:45:42","modified_gmt":"2024-12-02T17:45:42","slug":"nostre-lodges","status":"publish","type":"page","link":"https:\/\/heurebleue.com\/it\/nostre-lodges\/","title":{"rendered":"Nostre Lodge"},"content":{"rendered":"<div class=\"wpb-content-wrapper\">[vc_row full_width=&#8221;stretch_row_content_no_spaces&#8221; css=&#8221;.vc_custom_1658490083371{background-position: center !important;background-repeat: no-repeat !important;background-size: cover !important;}&#8221;][vc_column][vc_single_image image=&#8221;122&#8243; img_size=&#8221;full&#8221; alignment=&#8221;center&#8221;][\/vc_column][\/vc_row][vc_row][vc_column][vc_empty_space height=&#8221;12px&#8221;][\/vc_column][\/vc_row][vc_row][vc_column][vc_column_text]\n<h1 style=\"text-align: center;\">Le nostre lodge<\/h1>\n[\/vc_column_text][vc_empty_space height=&#8221;44px&#8221;][vc_images_carousel images=&#8221;127,128,129,130,131&#8243; img_size=&#8221;full&#8221; onclick=&#8221;link_no&#8221; autoplay=&#8221;yes&#8221; hide_pagination_control=&#8221;yes&#8221; hide_prev_next_buttons=&#8221;yes&#8221; wrap=&#8221;yes&#8221; css_animation=&#8221;fadeInUp&#8221;][vc_empty_space][\/vc_column][\/vc_row][vc_row gap=&#8221;35&#8243;][vc_column width=&#8221;2\/3&#8243;][vc_column_text]\n<h2>Lodge 65\u00a0m<sup>2<\/sup><\/h2>\n<p>Gli 8 lodge di lusso sono, senza dubbio, le camere pi\u00f9 belle e sorprendenti dell&#8217;isola di Nosy Be.<\/p>\n<p>Questi magnifici lodge di 65 m2 ciascuno, preserveranno in modo permanente la vostra intimit\u00e0.<\/p>\n<p>&nbsp;<\/p>\n<p>_<\/p>\n<h3>Descrizione<\/h3>\n<p>Camera con letto king size, zanzariere, ventilatore, scrivania, cassaforte, cassettiera, armadio, minibar.<br \/>\n1 divano letto, ventilazione naturale (soffitto e finestre)<br \/>\nBagno con doccia<br \/>\nToilette separata<\/p>\n<p><strong>4 lodge con terrazza vista mare e lettino prendisole<\/strong><br \/>\n<strong>2 lodge con giardino privato che preservano la privacy e la vista sull&#8217;oceano<\/strong><br \/>\n<strong>2 lodge con giardino privato per la privacy<\/strong>[\/vc_column_text][\/vc_column][vc_column width=&#8221;1\/3&#8243;][vc_column_text]\n<h2>SERVIZI<\/h2>\n<p><i class=\"fa-solid fa-wifi\"><\/i>Wifi gratis<\/p>\n<p>Reception 24 ore<br \/>\n<img loading=\"lazy\" decoding=\"async\" src=\"https:\/\/www.edenlodge.net\/wp-content\/uploads\/2022\/05\/room-service.jpg\" alt=\"\" width=\"19\" height=\"14\" \/> Restaurante<br \/>\n<i class=\"fa-solid fa-spa\"><\/i> Massaggio<br \/>\n<i class=\"fa-solid fa-baby\"><\/i> Baby sitting<br \/>\n<img loading=\"lazy\" decoding=\"async\" src=\"https:\/\/www.edenlodge.net\/wp-content\/uploads\/2022\/05\/blanchisserie.jpg\" alt=\"\" width=\"12\" height=\"14\" \/> Lavanderia[\/vc_column_text][vc_empty_space height=&#8221;10px&#8221;][vc_column_text]\n<h3>Prenotazione<\/h3>\n<p>Da<\/p>\n<h2>130 \u20ac<\/h2>\n<p>notte\/persona colazione inclusa[\/vc_column_text][vc_empty_space height=&#8221;20px&#8221;][vc_single_image image=&#8221;613&#8243; img_size=&#8221;full&#8221; onclick=&#8221;custom_link&#8221; img_link_target=&#8221;_blank&#8221; el_class=&#8221;namastay-widget-button&#8221; link=&#8221;https:\/\/www.secure-direct-hotel-booking.com\/module_booking_engine\/index.php?id_etab=0b021e06d329997ced862da7e4ca7545&amp;langue=anglais&amp;sid=c5388bf8e623a74faa2f7bba14cd0ccf&amp;idu=1733161458164708&#8243;][\/vc_column][\/vc_row][vc_row full_width=&#8221;stretch_row_content_no_spaces&#8221; css=&#8221;.vc_custom_1658738738965{background-position: center !important;background-repeat: no-repeat !important;background-size: cover !important;}&#8221;][vc_column][vc_empty_space][vc_media_grid element_width=&#8221;2&#8243; gap=&#8221;20&#8243; grid_id=&#8221;vc_gid:1733161518036-544ee97e-8e1a-4&#8243; include=&#8221;140,141,151,143,150,142,144,149,145,147,148,146&#8243;][vc_empty_space][\/vc_column][\/vc_row][vc_row gap=&#8221;35&#8243;][vc_column width=&#8221;2\/3&#8243;][vc_column_text]Tutte hanno un&#8217;ampia terrazza affacciata sull&#8217;oceano, con una straordinaria vista sulla baia di Ambatoloaka, e sono state arredate dalla stilista Fr\u00e9d\u00e9rique Glainereau, che ha gi\u00e0 progettato quelle dell&#8217;Eden Lodge, con il successo che conosciamo.<br \/>\nOgni mobile \u00e8 stato scelto o disegnato da lei e poi prodotto in Madagascar. Un letto king size, che pu\u00f2 essere trasformato in due letti singoli, una panca che pu\u00f2 essere trasformata in un letto aggiuntivo, una scrivania con accesso wifi illimitato e gratuito, un bagno con un grande lavabo doppio e una doccia italiana, servizi igienici separati, un armadio e una mensola che include la cassaforte, un minibar dove \u00e8 conservata una bottiglia di champagne cileno a un prezzo ragionevole.<br \/>\nProgettati per mantenere freschi gli interni, grazie ai tetti in ravinala e ai soffitti alti, sono anche dotati di un grande ventilatore a soffitto, molto discreto sia nel colore che nel rumore.<\/p>\n<p>La scelta di grandi finestre a golfo permette di godere dell&#8217;incomparabile vista dell&#8217;Ora Blu sulla magnifica baia di Madirokely \/ Ambatoloaka. Per i sonnellini pomeridiani, tende colorate manterranno la vostra privacy giocando con la brezza e per i dormiglioni pi\u00f9 pesanti, una grande tenda nasconder\u00e0 completamente la luce del giorno.<br \/>\nATTENZIONE: i lodge di lusso con terrazza sull&#8217;acqua non sono adatti ai bambini. Quelli con giardino terrazzato sono perfettamente adatti.[\/vc_column_text][\/vc_column][vc_column width=&#8221;1\/3&#8243;][vc_single_image image=&#8221;158&#8243; img_size=&#8221;full&#8221;][\/vc_column][\/vc_row]\n<\/div>","protected":false},"excerpt":{"rendered":"<p>[vc_row full_width=&#8221;stretch_row_content_no_spaces&#8221; css=&#8221;.vc_custom_1658490083371{background-position: center !important;background-repeat: no-repeat !important;background-size: cover !important;}&#8221;][vc_column][vc_single_image image=&#8221;122&#8243; img_size=&#8221;full&#8221; alignment=&#8221;center&#8221;][\/vc_column][\/vc_row][vc_row][vc_column][vc_empty_space height=&#8221;12px&#8221;][\/vc_column][\/vc_row][vc_row][vc_column][vc_column_text] Le nostre lodge [\/vc_column_text][vc_empty_space height=&#8221;44px&#8221;][vc_images_carousel images=&#8221;127,128,129,130,131&#8243; img_size=&#8221;full&#8221; onclick=&#8221;link_no&#8221; autoplay=&#8221;yes&#8221; hide_pagination_control=&#8221;yes&#8221; hide_prev_next_buttons=&#8221;yes&#8221; wrap=&#8221;yes&#8221; css_animation=&#8221;fadeInUp&#8221;][vc_empty_space][\/vc_column][\/vc_row][vc_row gap=&#8221;35&#8243;][vc_column width=&#8221;2\/3&#8243;][vc_column_text] Lodge 65\u00a0m2 Gli 8 lodge di lusso sono, senza dubbio, le camere pi\u00f9 belle e sorprendenti dell&#8217;isola di Nosy Be. Questi magnifici lodge di 65 m2 ciascuno, preserveranno in modo permanente la [&hellip;]<\/p>\n","protected":false},"author":1,"featured_media":0,"parent":0,"menu_order":20,"comment_status":"closed","ping_status":"closed","template":"","meta":{"footnotes":""},"class_list":["post-570","page","type-page","status-publish","hentry"],"aioseo_notices":[],"_links":{"self":[{"href":"https:\/\/heurebleue.com\/it\/wp-json\/wp\/v2\/pages\/570","targetHints":{"allow":["GET"]}}],"collection":[{"href":"https:\/\/heurebleue.com\/it\/wp-json\/wp\/v2\/pages"}],"about":[{"href":"https:\/\/heurebleue.com\/it\/wp-json\/wp\/v2\/types\/page"}],"author":[{"embeddable":true,"href":"https:\/\/heurebleue.com\/it\/wp-json\/wp\/v2\/users\/1"}],"replies":[{"embeddable":true,"href":"https:\/\/heurebleue.com\/it\/wp-json\/wp\/v2\/comments?post=570"}],"version-history":[{"count":9,"href":"https:\/\/heurebleue.com\/it\/wp-json\/wp\/v2\/pages\/570\/revisions"}],"predecessor-version":[{"id":811,"href":"https:\/\/heurebleue.com\/it\/wp-json\/wp\/v2\/pages\/570\/revisions\/811"}],"wp:attachment":[{"href":"https:\/\/heurebleue.com\/it\/wp-json\/wp\/v2\/media?parent=570"}],"curies":[{"name":"wp","href":"https:\/\/api.w.org\/{rel}","templated":true}]}}