{"id":578,"date":"2022-07-22T12:05:12","date_gmt":"2022-07-22T10:05:12","guid":{"rendered":"https:\/\/heurebleue.com\/sitenosybe\/activites\/"},"modified":"2022-09-05T14:23:34","modified_gmt":"2022-09-05T12:23:34","slug":"attivita-e-ristorazione","status":"publish","type":"page","link":"https:\/\/heurebleue.com\/it\/attivita-e-ristorazione\/","title":{"rendered":"Attivit\u00e0 e ristorazione"},"content":{"rendered":"<div class=\"wpb-content-wrapper\">[vc_row full_width=&#8221;stretch_row_content_no_spaces&#8221; css=&#8221;.vc_custom_1658495866875{background-position: center !important;background-repeat: no-repeat !important;background-size: cover !important;}&#8221;][vc_column][vc_single_image image=&#8221;193&#8243; img_size=&#8221;full&#8221;][\/vc_column][\/vc_row][vc_row][vc_column][vc_column_text]\n<h1 style=\"text-align: center;\">Le attivit\u00e0<\/h1>\n<p style=\"text-align: center;\">Tutte le attivit\u00e0 sono disponibili presso l&#8217;Heure Bleue che \u00e8 il punto di partenza ideale sull&#8217;isola.<\/p>\n[\/vc_column_text][vc_empty_space][\/vc_column][\/vc_row][vc_row gap=&#8221;20&#8243;][vc_column width=&#8221;1\/4&#8243;][vc_single_image image=&#8221;207&#8243; img_size=&#8221;full&#8221; alignment=&#8221;center&#8221;][\/vc_column][vc_column width=&#8221;1\/4&#8243;][vc_single_image image=&#8221;209&#8243; img_size=&#8221;full&#8221; alignment=&#8221;center&#8221;][\/vc_column][vc_column width=&#8221;1\/4&#8243;][vc_single_image image=&#8221;211&#8243; img_size=&#8221;full&#8221; alignment=&#8221;center&#8221;][\/vc_column][vc_column width=&#8221;1\/4&#8243;][vc_single_image image=&#8221;215&#8243; img_size=&#8221;full&#8221; alignment=&#8221;center&#8221;][\/vc_column][\/vc_row][vc_row][vc_column][vc_empty_space height=&#8221;62px&#8221;][vc_column_text]\n<h1 style=\"text-align: center;\">MASSAGGIO<\/h1>\n<p style=\"text-align: center;\">Messaggi di oli essenziali rilassanti &#8220;Bio&#8221; sar\u00e0 addebitato a prezzi molto ragionevoli (21 \u20ac), nella nostra sala massaggi con vista sulla baia di Madirokely e gode di una splendida vista.<\/p>\n[\/vc_column_text][vc_empty_space][vc_single_image image=&#8221;189&#8243; img_size=&#8221;full&#8221; alignment=&#8221;center&#8221;][vc_empty_space][\/vc_column][\/vc_row][vc_row][vc_column][vc_empty_space height=&#8221;62px&#8221;][vc_column_text]\n<h1 style=\"text-align: center;\">ESCURSIONI<\/h1>\n<p style=\"text-align: center;\">nell&#8217;arcipelago di Nosy Be sono offerti da fornitori che selezioniamo. Vi offriamo anche, su vostra richiesta, escursioni esclusive, sviluppato con l&#8217;Eden Lodge, la nostra eco-lodge di lusso in un ambiente protetto, natura incontaminata e unica Bay Ampasindava. Potrete scoprire, fuori dai sentieri battuti, tutta la meravigliosa emblematico della biodiversit\u00e0 malgascia baobab, lemuri selvatici, tartarughe, balene e delfini,&#8230;<\/p>\n[\/vc_column_text][vc_empty_space][vc_single_image image=&#8221;200&#8243; img_size=&#8221;full&#8221; alignment=&#8221;center&#8221;][vc_empty_space][\/vc_column][\/vc_row][vc_row][vc_column][vc_empty_space height=&#8221;62px&#8221;][vc_column_text]\n<h1 style=\"text-align: center;\">IL DIVING<\/h1>\n<p style=\"text-align: center;\">in particolare con i nostri partner tradizionali, e Scuba Dive sempre Nosy Be.<\/p>\n[\/vc_column_text][vc_empty_space][vc_single_image image=&#8221;213&#8243; img_size=&#8221;full&#8221; alignment=&#8221;center&#8221;][vc_empty_space][\/vc_column][\/vc_row][vc_row][vc_column][vc_empty_space height=&#8221;62px&#8221;][vc_column_text]\n<h1 style=\"text-align: center;\">PESCA SPORTIVA<\/h1>\n<p style=\"text-align: center;\">su prenotazione. Ma anche, equitazione, snorkeling, vela, quad bike, visite ecoturismo &#8230; Il nostro team ti consigliamo di sfruttare al meglio il vostro soggiorno.<\/p>\n[\/vc_column_text][vc_empty_space][vc_single_image image=&#8221;217&#8243; img_size=&#8221;full&#8221; alignment=&#8221;center&#8221;][vc_empty_space height=&#8221;52px&#8221;][\/vc_column][\/vc_row][vc_row full_width=&#8221;stretch_row_content_no_spaces&#8221; css=&#8221;.vc_custom_1658761140030{background-position: center !important;background-repeat: no-repeat !important;background-size: cover !important;}&#8221;][vc_column][vc_separator][vc_empty_space height=&#8221;40px&#8221;][vc_column_text]\n<h1 style=\"text-align: center;\"><a href=\"https:\/\/heurebleue.com\/it\/activites\/la-ristorazione\/\">Ristorazione a l&#8217;Heure Bleue<\/a><\/h1>\n[\/vc_column_text][vc_empty_space height=&#8221;10px&#8221;][\/vc_column][\/vc_row][vc_row][vc_column width=&#8221;1\/4&#8243;][\/vc_column][vc_column width=&#8221;1\/2&#8243;][vc_single_image image=&#8221;220&#8243; img_size=&#8221;full&#8221; alignment=&#8221;center&#8221; onclick=&#8221;custom_link&#8221; link=&#8221;https:\/\/heurebleue.com\/it\/activites\/la-ristorazione\/&#8221;][\/vc_column][vc_column width=&#8221;1\/4&#8243;][\/vc_column][\/vc_row]\n<\/div>","protected":false},"excerpt":{"rendered":"<p>[vc_row full_width=&#8221;stretch_row_content_no_spaces&#8221; css=&#8221;.vc_custom_1658495866875{background-position: center !important;background-repeat: no-repeat !important;background-size: cover !important;}&#8221;][vc_column][vc_single_image image=&#8221;193&#8243; img_size=&#8221;full&#8221;][\/vc_column][\/vc_row][vc_row][vc_column][vc_column_text] Le attivit\u00e0 Tutte le attivit\u00e0 sono disponibili presso l&#8217;Heure Bleue che \u00e8 il punto di partenza ideale sull&#8217;isola. [\/vc_column_text][vc_empty_space][\/vc_column][\/vc_row][vc_row gap=&#8221;20&#8243;][vc_column width=&#8221;1\/4&#8243;][vc_single_image image=&#8221;207&#8243; img_size=&#8221;full&#8221; alignment=&#8221;center&#8221;][\/vc_column][vc_column width=&#8221;1\/4&#8243;][vc_single_image image=&#8221;209&#8243; img_size=&#8221;full&#8221; alignment=&#8221;center&#8221;][\/vc_column][vc_column width=&#8221;1\/4&#8243;][vc_single_image image=&#8221;211&#8243; img_size=&#8221;full&#8221; alignment=&#8221;center&#8221;][\/vc_column][vc_column width=&#8221;1\/4&#8243;][vc_single_image image=&#8221;215&#8243; img_size=&#8221;full&#8221; alignment=&#8221;center&#8221;][\/vc_column][\/vc_row][vc_row][vc_column][vc_empty_space height=&#8221;62px&#8221;][vc_column_text] MASSAGGIO Messaggi di oli essenziali rilassanti &#8220;Bio&#8221; sar\u00e0 addebitato a prezzi molto [&hellip;]<\/p>\n","protected":false},"author":1,"featured_media":0,"parent":0,"menu_order":40,"comment_status":"closed","ping_status":"closed","template":"","meta":{"footnotes":""},"class_list":["post-578","page","type-page","status-publish","hentry"],"aioseo_notices":[],"_links":{"self":[{"href":"https:\/\/heurebleue.com\/it\/wp-json\/wp\/v2\/pages\/578","targetHints":{"allow":["GET"]}}],"collection":[{"href":"https:\/\/heurebleue.com\/it\/wp-json\/wp\/v2\/pages"}],"about":[{"href":"https:\/\/heurebleue.com\/it\/wp-json\/wp\/v2\/types\/page"}],"author":[{"embeddable":true,"href":"https:\/\/heurebleue.com\/it\/wp-json\/wp\/v2\/users\/1"}],"replies":[{"embeddable":true,"href":"https:\/\/heurebleue.com\/it\/wp-json\/wp\/v2\/comments?post=578"}],"version-history":[{"count":6,"href":"https:\/\/heurebleue.com\/it\/wp-json\/wp\/v2\/pages\/578\/revisions"}],"predecessor-version":[{"id":737,"href":"https:\/\/heurebleue.com\/it\/wp-json\/wp\/v2\/pages\/578\/revisions\/737"}],"wp:attachment":[{"href":"https:\/\/heurebleue.com\/it\/wp-json\/wp\/v2\/media?parent=578"}],"curies":[{"name":"wp","href":"https:\/\/api.w.org\/{rel}","templated":true}]}}