{"id":591,"date":"2022-07-22T12:05:57","date_gmt":"2022-07-22T10:05:57","guid":{"rendered":"https:\/\/heurebleue.com\/sitenosybe\/situation\/"},"modified":"2022-08-25T12:02:31","modified_gmt":"2022-08-25T10:02:31","slug":"situazion","status":"publish","type":"page","link":"https:\/\/heurebleue.com\/it\/situazion\/","title":{"rendered":"Situazion"},"content":{"rendered":"<div class=\"wpb-content-wrapper\">[vc_row full_width=&#8221;stretch_row_content_no_spaces&#8221; css=&#8221;.vc_custom_1658741859782{background-position: center !important;background-repeat: no-repeat !important;background-size: cover !important;}&#8221;][vc_column][vc_single_image image=&#8221;175&#8243; img_size=&#8221;full&#8221; alignment=&#8221;center&#8221;][\/vc_column][\/vc_row][vc_row][vc_column][vc_column_text]\n<h2 style=\"text-align: center;\">Madagascar<\/h2>\n<p style=\"text-align: center;\">Il Madagascar \u00e8 un\u2019enorme isola e un paese situato al largo della costa sudorientale dell\u2019Africa. Ospita migliaia di specie animali endemiche come i lemuri, oltre a foreste tropicali, spiagge e barriere coralline. Vicino alla vivace capitale, Antananarivo, si trovano la Collina di Ambohimanga, un insieme di palazzi reali e cimiteri, e l\u2019Avenue des Baobabs, una strada sterrata costeggiata da giganteschi alberi secolari.<\/p>\n[\/vc_column_text][vc_empty_space][vc_column_text]\n<h2 style=\"text-align: center;\">L\u2019arcipelago di NOSY BE<\/h2>\n<p style=\"text-align: center;\">Isola paradisiaca nel nord del Madagascar, Nosy Be \u00e8 il luogo ideale per gli amanti dei paesaggi da cartolina e delle attivit\u00e0 di ogni genere. Sognate di immergervi con le tartarughe marine o di scalare il Monte Passot? Scoprite il caldo e accogliente popolo nossibiano. Abbiamo selezionato per voi le cose essenziali da fare a Nosy Be per offrirvi un vero soggiorno di scoperta.<\/p>\n[\/vc_column_text][vc_empty_space][vc_column_text]\n<h1 style=\"text-align: center;\">Spiaggia di Madirokely<\/h1>\n<p style=\"text-align: center;\">La spiaggia di Madirokely\/Ambatoloaka \u00e8 la pi\u00f9 famosa di Nosy Be. Si estende sulla baia pi\u00f9 bella di Nosy Be, lunga pi\u00f9 di un chilometro, fino al vivacissimo villaggio di Ambatoloaka, rinomato per i suoi bar e ristoranti tipici. Lontano dalla confusione, alla fine della spiaggia, L&#8217;Heure Bleue gode di una posizione unica e privilegiata, con una vista su tutta la baia e una spiaggia attrezzata con lettini e ombrelloni.<\/p>\n<p style=\"text-align: center;\">Nei fine settimana, la spiaggia di Madirokely diventa anche il luogo di incontro e di balneazione della popolazione di Nosybean, il che la rende un luogo molto vivace nel pomeriggio e la sera. Le &#8220;domeniche dell&#8217;ora blu&#8221; sono famose anche per le succulente grigliate che vengono servite intorno alle nostre due piscine.<\/p>\n[\/vc_column_text][vc_empty_space][vc_gmaps link=&#8221;#E-8_JTNDaWZyYW1lJTIwc3JjJTNEJTIyaHR0cHMlM0ElMkYlMkZ3d3cuZ29vZ2xlLmNvbSUyRm1hcHMlMkZkJTJGZW1iZWQlM0ZtaWQlM0QxVzI4NDFWLTlrSWkxNUtaaUNxYmVISjNmUzRFJTI2ZWhiYyUzRDJFMzEyRiUyMiUyMHdpZHRoJTNEJTIyMTAwMCUyMiUyMGhlaWdodCUzRCUyMjcwMCUyMiUyMHN0eWxlJTNEJTIyYm9yZGVyJTNBMCUzQiUyMiUyMGFsbG93ZnVsbHNjcmVlbiUzRCUyMiUyMiUzRSUzQyUyRmlmcmFtZSUzRQ==&#8221;][vc_empty_space height=&#8221;52px&#8221;][vc_column_text]\n<h2 style=\"text-align: center;\">In arrivo all\u2019Heure Bleue<\/h2>\n[\/vc_column_text][vc_empty_space][vc_column_text]\n<p style=\"text-align: center;\"><strong>Compagnie aeree :<\/strong><br \/>\n<a href=\"https:\/\/www.air-austral.com\/\" target=\"_blank\" rel=\"noopener\">Air Austral<\/a> (Parigi\/La R\u00e9union e poi collegamento* con Nosy Be).<br \/>\n<a href=\"https:\/\/madagascarairlines.com\/index.html\" target=\"_blank\" rel=\"noopener\">Air Madagascar<\/a> (Parigi\/Antananarivo poi collegamento* con Nosy Be).<br \/>\n<a href=\"https:\/\/wwws.airfrance.fr\/\" target=\"_blank\" rel=\"noopener\">Air France<\/a> (Parigi\/Antananarivo e collegamento* con Nosy Be).<\/p>\n<p style=\"text-align: center;\">Ethiopian Airlines (Paris\/Addis Abeba\/Nosy Be)<\/p>\n<p style=\"text-align: center;\">Neos (Milano o Roma\/Nosy Be)<\/p>\n<p style=\"text-align: center;\">*Con Tsaradia, una filiale di Air Madagascar.<\/p>\n<p style=\"text-align: center;\"><strong>Formalit\u00e0 amministrative :<\/strong><br \/>\nPassaporto con almeno 6 mesi di validit\u00e0, nonch\u00e9 un visto d\u2019ingresso e di soggiorno con un solo ingresso, rilasciato ai turisti dalle rappresentanze diplomatiche o consolari malgasce, oppure all\u2019aeroporto o al porto di sbarco (PAF) dietro pagamento della relativa tassa.<\/p>\n<p style=\"text-align: center;\"><strong>Fuso orario :<\/strong><br \/>\nDalla Francia, in inverno il Madagascar \u00e8 a +2h e in estate a +1h.<\/p>\n<p style=\"text-align: center;\"><strong>Clima :<\/strong><br \/>\nLa regione di Nosy Be gode di sole tutto l\u2019anno.<br \/>\nIl microclima garantisce pi\u00f9 di 330 giorni di bel tempo all\u2019anno. La temperatura dell\u2019acqua varia tra i 26\u00b0 e i 35\u00b0 a seconda della stagione.<\/p>\n[\/vc_column_text][vc_empty_space][\/vc_column][\/vc_row]\n<\/div>","protected":false},"excerpt":{"rendered":"<p>[vc_row full_width=&#8221;stretch_row_content_no_spaces&#8221; css=&#8221;.vc_custom_1658741859782{background-position: center !important;background-repeat: no-repeat !important;background-size: cover !important;}&#8221;][vc_column][vc_single_image image=&#8221;175&#8243; img_size=&#8221;full&#8221; alignment=&#8221;center&#8221;][\/vc_column][\/vc_row][vc_row][vc_column][vc_column_text] Madagascar Il Madagascar \u00e8 un\u2019enorme isola e un paese situato al largo della costa sudorientale dell\u2019Africa. Ospita migliaia di specie animali endemiche come i lemuri, oltre a foreste tropicali, spiagge e barriere coralline. Vicino alla vivace capitale, Antananarivo, si trovano la Collina di Ambohimanga, un insieme di palazzi [&hellip;]<\/p>\n","protected":false},"author":1,"featured_media":0,"parent":0,"menu_order":60,"comment_status":"closed","ping_status":"closed","template":"","meta":{"footnotes":""},"class_list":["post-591","page","type-page","status-publish","hentry"],"aioseo_notices":[],"_links":{"self":[{"href":"https:\/\/heurebleue.com\/it\/wp-json\/wp\/v2\/pages\/591","targetHints":{"allow":["GET"]}}],"collection":[{"href":"https:\/\/heurebleue.com\/it\/wp-json\/wp\/v2\/pages"}],"about":[{"href":"https:\/\/heurebleue.com\/it\/wp-json\/wp\/v2\/types\/page"}],"author":[{"embeddable":true,"href":"https:\/\/heurebleue.com\/it\/wp-json\/wp\/v2\/users\/1"}],"replies":[{"embeddable":true,"href":"https:\/\/heurebleue.com\/it\/wp-json\/wp\/v2\/comments?post=591"}],"version-history":[{"count":4,"href":"https:\/\/heurebleue.com\/it\/wp-json\/wp\/v2\/pages\/591\/revisions"}],"predecessor-version":[{"id":681,"href":"https:\/\/heurebleue.com\/it\/wp-json\/wp\/v2\/pages\/591\/revisions\/681"}],"wp:attachment":[{"href":"https:\/\/heurebleue.com\/it\/wp-json\/wp\/v2\/media?parent=591"}],"curies":[{"name":"wp","href":"https:\/\/api.w.org\/{rel}","templated":true}]}}