{"id":624,"date":"2022-07-22T12:20:07","date_gmt":"2022-07-22T10:20:07","guid":{"rendered":"https:\/\/heurebleue.com\/sitenosybe\/mentions-legales\/"},"modified":"2022-08-13T11:48:30","modified_gmt":"2022-08-13T09:48:30","slug":"nota-legale","status":"publish","type":"page","link":"https:\/\/heurebleue.com\/it\/nota-legale\/","title":{"rendered":"Nota legale"},"content":{"rendered":"<div class=\"wpb-content-wrapper\">[vc_row][vc_column][vc_empty_space][vc_column_text]<strong>Nota legale<\/strong><\/p>\n<p>L&#8217;editore del Sito \u00e8 la societ\u00e0 Hi-LIFE.<br \/>\nUna societ\u00e0 a responsabilit\u00e0 limitata con un capitale di 41.161,00 euro<br \/>\nIscritta al Registro del Commercio e delle Imprese di Parigi con il numero Paris B 390 123 560.<br \/>\nSede centrale: 175 Rue de Charonne 75011 Parigi<br \/>\nEmail: <a href=\"mailto:direction@hi-life.fr\">direction@hi-life.fr<\/a><br \/>\nDirettore della pubblicazione: Yves Benouaich<br \/>\nProduzione: <a href=\"https:\/\/www.philippewinckler.com\/\" target=\"_blank\" rel=\"noopener\">Philippe Winckler<\/a><\/p>\n<p>Il sito \u00e8 ospitato da OVH<br \/>\nSociet\u00e0 per azioni semplificata con un capitale di 10.069.020 euro<br \/>\nIscritta al Registro del Commercio e delle Imprese di Lille<br \/>\nSede legale: 2 Rue Kellermann, 59100 Roubaix[\/vc_column_text][vc_empty_space][\/vc_column][\/vc_row]\n<\/div>","protected":false},"excerpt":{"rendered":"<p>[vc_row][vc_column][vc_empty_space][vc_column_text]Nota legale L&#8217;editore del Sito \u00e8 la societ\u00e0 Hi-LIFE. Una societ\u00e0 a responsabilit\u00e0 limitata con un capitale di 41.161,00 euro Iscritta al Registro del Commercio e delle Imprese di Parigi con il numero Paris B 390 123 560. Sede centrale: 175 Rue de Charonne 75011 Parigi Email: direction@hi-life.fr Direttore della pubblicazione: Yves Benouaich Produzione: Philippe Winckler Il sito \u00e8 ospitato [&hellip;]<\/p>\n","protected":false},"author":1,"featured_media":0,"parent":0,"menu_order":90,"comment_status":"closed","ping_status":"closed","template":"","meta":{"footnotes":""},"class_list":["post-624","page","type-page","status-publish","hentry"],"aioseo_notices":[],"_links":{"self":[{"href":"https:\/\/heurebleue.com\/it\/wp-json\/wp\/v2\/pages\/624","targetHints":{"allow":["GET"]}}],"collection":[{"href":"https:\/\/heurebleue.com\/it\/wp-json\/wp\/v2\/pages"}],"about":[{"href":"https:\/\/heurebleue.com\/it\/wp-json\/wp\/v2\/types\/page"}],"author":[{"embeddable":true,"href":"https:\/\/heurebleue.com\/it\/wp-json\/wp\/v2\/users\/1"}],"replies":[{"embeddable":true,"href":"https:\/\/heurebleue.com\/it\/wp-json\/wp\/v2\/comments?post=624"}],"version-history":[{"count":2,"href":"https:\/\/heurebleue.com\/it\/wp-json\/wp\/v2\/pages\/624\/revisions"}],"predecessor-version":[{"id":626,"href":"https:\/\/heurebleue.com\/it\/wp-json\/wp\/v2\/pages\/624\/revisions\/626"}],"wp:attachment":[{"href":"https:\/\/heurebleue.com\/it\/wp-json\/wp\/v2\/media?parent=624"}],"curies":[{"name":"wp","href":"https:\/\/api.w.org\/{rel}","templated":true}]}}